{"id":1314,"date":"2025-03-12T10:10:28","date_gmt":"2025-03-12T09:10:28","guid":{"rendered":"https:\/\/ballondeparis.com\/?page_id=1314"},"modified":"2026-03-16T17:54:01","modified_gmt":"2026-03-16T16:54:01","slug":"accueil","status":"publish","type":"page","link":"https:\/\/ballondeparis.com\/es\/","title":{"rendered":"Accueil ES"},"content":{"rendered":"<h2>Au c\u0153ur du <strong>Parc Andr\u00e9 Citro\u00ebn<\/strong>, en bord de Seine, le Ballon Generali Paris offre une <strong>exp\u00e9rience inoubliable<\/strong> accessible \u00e0 tous*<\/h2>\n        <span class=\"horaires\">\n            Todos los d\u00edas de 9:00am a 8:00pm horas        <\/span>\n        \n","protected":false},"excerpt":{"rendered":"<p>Au c\u0153ur du Parc Andr\u00e9 Citro\u00ebn, en bord de Seine, le Ballon Generali Paris offre une exp\u00e9rience inoubliable accessible \u00e0 tous*<\/p>\n","protected":false},"author":1,"featured_media":0,"parent":0,"menu_order":0,"comment_status":"closed","ping_status":"closed","template":"","meta":{"_acf_changed":false,"footnotes":""},"class_list":["post-1314","page","type-page","status-publish","hentry"],"acf":[],"_links":{"self":[{"href":"https:\/\/ballondeparis.com\/es\/wp-json\/wp\/v2\/pages\/1314","targetHints":{"allow":["GET"]}}],"collection":[{"href":"https:\/\/ballondeparis.com\/es\/wp-json\/wp\/v2\/pages"}],"about":[{"href":"https:\/\/ballondeparis.com\/es\/wp-json\/wp\/v2\/types\/page"}],"author":[{"embeddable":true,"href":"https:\/\/ballondeparis.com\/es\/wp-json\/wp\/v2\/users\/1"}],"replies":[{"embeddable":true,"href":"https:\/\/ballondeparis.com\/es\/wp-json\/wp\/v2\/comments?post=1314"}],"version-history":[{"count":5,"href":"https:\/\/ballondeparis.com\/es\/wp-json\/wp\/v2\/pages\/1314\/revisions"}],"predecessor-version":[{"id":4551,"href":"https:\/\/ballondeparis.com\/es\/wp-json\/wp\/v2\/pages\/1314\/revisions\/4551"}],"wp:attachment":[{"href":"https:\/\/ballondeparis.com\/es\/wp-json\/wp\/v2\/media?parent=1314"}],"curies":[{"name":"wp","href":"https:\/\/api.w.org\/{rel}","templated":true}]}}