{"id":211,"date":"2025-03-12T10:10:28","date_gmt":"2025-03-12T09:10:28","guid":{"rendered":"https:\/\/ballondeparis.com\/?page_id=211"},"modified":"2026-03-16T17:53:23","modified_gmt":"2026-03-16T16:53:23","slug":"accueil","status":"publish","type":"page","link":"https:\/\/ballondeparis.com\/en\/","title":{"rendered":"Accueil EN"},"content":{"rendered":"<h2>Au c\u0153ur du <strong>Parc Andr\u00e9 Citro\u00ebn<\/strong>, en bord de Seine, le Ballon Generali Paris offre une <strong>exp\u00e9rience inoubliable<\/strong> accessible \u00e0 tous*<\/h2>\n        <span class=\"horaires\">\n            Every day from 9:00am to 8:00pm        <\/span>\n        \n","protected":false},"excerpt":{"rendered":"<p>Au c\u0153ur du Parc Andr\u00e9 Citro\u00ebn, en bord de Seine, le Ballon Generali Paris offre une exp\u00e9rience inoubliable accessible \u00e0 tous*<\/p>\n","protected":false},"author":1,"featured_media":0,"parent":0,"menu_order":0,"comment_status":"closed","ping_status":"closed","template":"","meta":{"_acf_changed":false,"footnotes":""},"class_list":["post-211","page","type-page","status-publish","hentry"],"acf":[],"_links":{"self":[{"href":"https:\/\/ballondeparis.com\/en\/wp-json\/wp\/v2\/pages\/211","targetHints":{"allow":["GET"]}}],"collection":[{"href":"https:\/\/ballondeparis.com\/en\/wp-json\/wp\/v2\/pages"}],"about":[{"href":"https:\/\/ballondeparis.com\/en\/wp-json\/wp\/v2\/types\/page"}],"author":[{"embeddable":true,"href":"https:\/\/ballondeparis.com\/en\/wp-json\/wp\/v2\/users\/1"}],"replies":[{"embeddable":true,"href":"https:\/\/ballondeparis.com\/en\/wp-json\/wp\/v2\/comments?post=211"}],"version-history":[{"count":5,"href":"https:\/\/ballondeparis.com\/en\/wp-json\/wp\/v2\/pages\/211\/revisions"}],"predecessor-version":[{"id":4550,"href":"https:\/\/ballondeparis.com\/en\/wp-json\/wp\/v2\/pages\/211\/revisions\/4550"}],"wp:attachment":[{"href":"https:\/\/ballondeparis.com\/en\/wp-json\/wp\/v2\/media?parent=211"}],"curies":[{"name":"wp","href":"https:\/\/api.w.org\/{rel}","templated":true}]}}